{"id":21,"date":"2010-03-21T17:36:38","date_gmt":"2010-03-21T16:36:38","guid":{"rendered":"http:\/\/www.psa.org.pl\/?page_id=21"},"modified":"2015-05-29T08:20:25","modified_gmt":"2015-05-29T07:20:25","slug":"kontakt","status":"publish","type":"page","link":"https:\/\/psa.org.pl\/index.php\/kontakt\/","title":{"rendered":"Kontakt"},"content":{"rendered":"<p><strong>Podlaskie Stowarzyszenie Agroturystyczne<\/strong><\/p>\n<p><strong>16-100 Sok\u00f3\u0142ka, Kolonia Kury\u0142y 3<\/strong><\/p>\n<p>telefon\/faks:\u00a0 <strong>085 711-20-49<\/strong><\/p>\n<p>e-mail do biura stowarzyszenia:\u00a0 <strong>kuryly@poczta.onet.pl<\/strong><\/p>\n<p>e-mail do administratora serwisu:\u00a0 <strong>psagrotur@gmail.com<\/strong><\/p>\n","protected":false},"excerpt":{"rendered":"<p>Podlaskie Stowarzyszenie Agroturystyczne 16-100 Sok\u00f3\u0142ka, Kolonia Kury\u0142y 3 telefon\/faks:\u00a0 085 711-20-49 e-mail do biura stowarzyszenia:\u00a0 kuryly@poczta.onet.pl e-mail do administratora serwisu:\u00a0 psagrotur@gmail.com<\/p>\n","protected":false},"author":1,"featured_media":0,"parent":0,"menu_order":4,"comment_status":"closed","ping_status":"closed","template":"","meta":{"footnotes":""},"class_list":["post-21","page","type-page","status-publish","hentry"],"_links":{"self":[{"href":"https:\/\/psa.org.pl\/index.php\/wp-json\/wp\/v2\/pages\/21","targetHints":{"allow":["GET"]}}],"collection":[{"href":"https:\/\/psa.org.pl\/index.php\/wp-json\/wp\/v2\/pages"}],"about":[{"href":"https:\/\/psa.org.pl\/index.php\/wp-json\/wp\/v2\/types\/page"}],"author":[{"embeddable":true,"href":"https:\/\/psa.org.pl\/index.php\/wp-json\/wp\/v2\/users\/1"}],"replies":[{"embeddable":true,"href":"https:\/\/psa.org.pl\/index.php\/wp-json\/wp\/v2\/comments?post=21"}],"version-history":[{"count":13,"href":"https:\/\/psa.org.pl\/index.php\/wp-json\/wp\/v2\/pages\/21\/revisions"}],"predecessor-version":[{"id":1297,"href":"https:\/\/psa.org.pl\/index.php\/wp-json\/wp\/v2\/pages\/21\/revisions\/1297"}],"wp:attachment":[{"href":"https:\/\/psa.org.pl\/index.php\/wp-json\/wp\/v2\/media?parent=21"}],"curies":[{"name":"wp","href":"https:\/\/api.w.org\/{rel}","templated":true}]}}