{"id":2,"date":"2010-03-19T12:58:22","date_gmt":"2010-03-19T11:58:22","guid":{"rendered":"http:\/\/www.psa.org.pl\/?page_id=2"},"modified":"2017-08-11T11:55:59","modified_gmt":"2017-08-11T10:55:59","slug":"informacje","status":"publish","type":"page","link":"https:\/\/psa.org.pl\/","title":{"rendered":"Podlasie"},"content":{"rendered":"<hr style=\"height: 2px; width: 100%; color: #ffffff; border: 1px solid #CCCCCC;\" noshade=\"noshade\" size=\"2\" \/>\n<p><img loading=\"lazy\" decoding=\"async\" class=\"alignnone\" src=\"http:\/\/www.psa.org.pl\/pliki\/2010\/03\/psa_01.png\" alt=\"\" width=\"980\" height=\"210\" \/><\/p>\n<p><strong>Niezniszczone przemys\u0142em naturalne \u015brodowisko Podlasia jest coraz wi\u0119ksz\u0105 atrakcj\u0105 turystyczn\u0105 dla mieszka\u0144c\u00f3w miast.<\/strong><\/p>\n<p>To tu mo\u017cna zobaczy\u0107 zabytki charakterystyczne dla kres\u00f3w wschodnich, pozna\u0107 histori\u0119 regionaln\u0105 oraz zachwyca\u0107 si\u0119 walorami przyrodniczymi nie spotykanymi ju\u017c w Europie. Na turyst\u0119 czeka Puszcza Bia\u0142owieska, bagna Biebrza\u0144skie, rozlewiska Narwi, a tak\u017ce miej znana Puszcza Knyszy\u0144ska ze swoimi starodrzewami i rezerwatami unikalnej ro\u015blinno\u015bci\u00a0 oraz charakterystyczne Wzg\u00f3rza Sok\u00f3lskie.<\/p>\n<p><img loading=\"lazy\" decoding=\"async\" class=\"alignnone\" src=\"http:\/\/www.psa.org.pl\/pliki\/2010\/03\/psa_02.png\" alt=\"\" width=\"980\" height=\"210\" \/><\/p>\n<p><strong>S\u0105 to tereny o nie zdegradowanej\u00a0 przyrodzie, zachowuj\u0105ce\u00a0 tradycyjne walory kulturowe i przyrodnicze\u00a0 dzi\u0119ki\u00a0 swojemu\u00a0 przygranicznemu po\u0142o\u017ceniu.<\/strong><\/p>\n<p>Ograniczony rozw\u00f3j przemys\u0142u i w du\u017cym stopniu tradycyjne rolnictwo, stwarzaj\u0105 idealne warunki do wypoczynku rodzinnego na wsi. Spotka\u0107 tu mo\u017cemy szerok\u0105 mozaik\u0119 narodowo\u015bciow\u0105 i wyznawc\u00f3w wielu religii. \u017byj\u0105 tu zgodnie wyznawcy prawos\u0142awia, katolicy\u00a0i tatarzy. Zachowa\u0142a si\u0119 tradycyjna tw\u00f3rczo\u015b\u0107 ludowa i rzemios\u0142o. \u017byczliwo\u015b\u0107 i go\u015bcinno\u015b\u0107 mieszka\u0144c\u00f3w,\u00a0zapewni \u00a0ciekawy i atrakcyjny wypoczynek.<\/p>\n<p><img loading=\"lazy\" decoding=\"async\" class=\"alignnone\" src=\"http:\/\/www.psa.org.pl\/pliki\/2010\/03\/psa_03.png\" alt=\"\" width=\"980\" height=\"210\" \/><\/p>\n<p><strong>Wszelkie informacje\u00a0na temat\u00a0kwater, mo\u017cliwo\u015bci\u00a0wypoczynku\u00a0na podlaskiej wsi, atrakcji\u00a0turystycznych,\u00a0uzyska\u0107 mo\u017cna\u00a0w dziale <a href=\"http:\/\/www.psa.org.pl\/index.php\/category\/kwatery\/\" target=\"_blank\" rel=\"noopener\">Gospodarstwa Agroturystyczne<\/a>.<\/strong><\/p>\n<p><span style=\"color: #99cc00;\"><span style=\"font-size: x-small;\"><em>(Foto: Grzegorz Otoka)<\/em><\/span><\/span><\/p>\n<div id=\"_mcePaste\" style=\"position: absolute; left: -10000px; top: 0px; width: 1px; height: 1px; overflow: hidden;\">\n<p><code>\u00a0<\/code><\/p>\n<p>&nbsp;<\/p>\n<\/div>\n","protected":false},"excerpt":{"rendered":"<p>Niezniszczone przemys\u0142em naturalne \u015brodowisko Podlasia jest coraz wi\u0119ksz\u0105 atrakcj\u0105 turystyczn\u0105 dla mieszka\u0144c\u00f3w miast. To tu mo\u017cna zobaczy\u0107 zabytki charakterystyczne dla kres\u00f3w wschodnich, pozna\u0107 histori\u0119 regionaln\u0105 oraz zachwyca\u0107 si\u0119 walorami przyrodniczymi nie spotykanymi ju\u017c w Europie. Na turyst\u0119 czeka Puszcza Bia\u0142owieska, bagna Biebrza\u0144skie, rozlewiska Narwi, a tak\u017ce miej znana Puszcza Knyszy\u0144ska ze swoimi starodrzewami i rezerwatami [&hellip;]<\/p>\n","protected":false},"author":1,"featured_media":0,"parent":0,"menu_order":1,"comment_status":"closed","ping_status":"closed","template":"","meta":{"footnotes":""},"class_list":["post-2","page","type-page","status-publish","hentry"],"_links":{"self":[{"href":"https:\/\/psa.org.pl\/index.php\/wp-json\/wp\/v2\/pages\/2","targetHints":{"allow":["GET"]}}],"collection":[{"href":"https:\/\/psa.org.pl\/index.php\/wp-json\/wp\/v2\/pages"}],"about":[{"href":"https:\/\/psa.org.pl\/index.php\/wp-json\/wp\/v2\/types\/page"}],"author":[{"embeddable":true,"href":"https:\/\/psa.org.pl\/index.php\/wp-json\/wp\/v2\/users\/1"}],"replies":[{"embeddable":true,"href":"https:\/\/psa.org.pl\/index.php\/wp-json\/wp\/v2\/comments?post=2"}],"version-history":[{"count":75,"href":"https:\/\/psa.org.pl\/index.php\/wp-json\/wp\/v2\/pages\/2\/revisions"}],"predecessor-version":[{"id":1519,"href":"https:\/\/psa.org.pl\/index.php\/wp-json\/wp\/v2\/pages\/2\/revisions\/1519"}],"wp:attachment":[{"href":"https:\/\/psa.org.pl\/index.php\/wp-json\/wp\/v2\/media?parent=2"}],"curies":[{"name":"wp","href":"https:\/\/api.w.org\/{rel}","templated":true}]}}