{"id":10,"date":"2010-03-21T17:22:30","date_gmt":"2010-03-21T16:22:30","guid":{"rendered":"http:\/\/www.psa.org.pl\/?page_id=10"},"modified":"2010-05-04T13:11:08","modified_gmt":"2010-05-04T12:11:08","slug":"stowarzyszenie","status":"publish","type":"page","link":"https:\/\/psa.org.pl\/index.php\/stowarzyszenie\/","title":{"rendered":"O nas"},"content":{"rendered":"<p><strong>Podlaskie               Stowarzyszenie Agroturystyczne<\/strong><\/p>\n<p>Podlaskie               Stowarzyszenie Agroturystyczne powsta\u0142o w 1996 roku, z  inicjatywy               rolnik\u00f3w wojew\u00f3dztwa bia\u0142ostockiego zajmuj\u0105cych si\u0119               agroturystyk\u0105. Skupia osoby zajmuj\u0105ce si\u0119 agroturystyk\u0105 z               terenu wojew\u00f3dztwa podlaskiego. W zwi\u0105zku z tym cz\u0142onkami               naszego stowarzyszenia jest wiele gospodarstw znajduj\u0105cych  si\u0119 i               w okolicach Bugu, Puszczy Bia\u0142owieskiej, Puszczy  Knyszy\u0144skiej,               Biebrza\u0144skiego Parku Narodowego, Narwia\u0144skiego Parku  Narodowego               i w wielu interesuj\u0105cych miejscach Podlasia.<\/p>\n<p>Gospodarstwa               w wi\u0119kszo\u015bci po\u0142o\u017cone s\u0105 w atrakcyjnych turystycznie  terenach               i s\u0142yn\u0105cych z walor\u00f3w przyrodniczych urokliwych  krajobraz\u00f3w               miejscach oraz przy szlakach turystycznych promuj\u0105cych  unikalne               walory tego terenu.<\/p>\n<p>G\u0142\u00f3wna               atrakcj\u0105 wszystkich gospodarstw jest wypoczynek na wsi               podlaskiej, w wi\u0119kszo\u015bci z zachowanym swoim  niepowtarzalnym               charakterem, kultur\u0105, zwyczajami i zdrowym czystym  powietrzem.<\/p>\n<p>S\u0105               wi\u0119c gospodarstwa w okolicach G\u00f3ry Grabarki, Szlaku  Tatarskiego,               Szlaku R\u0119kodzie\u0142a Ludowego, Szlaku Bocianiego,  Nadgranicznego               Szlaku \u017bubra, Twierdzy Osowiec.<\/p>\n<p>We               wszystkich gospodarstwach mo\u017cna wypocz\u0105\u0107 wykorzystuj\u0105c  spok\u00f3j               i cisz\u0119 wiejskiego \u017cycia. Wiele gospodarstw serwuje  znakomite               jedzenie, a w\u015br\u00f3d nich gospodarstwa s\u0142yn\u0105ce ze specja\u0142\u00f3w               kuchni podlaskiej, takich jak uznanych za produkty  regionalne               pierekaczewnik\u00f3w, kiszki ziemniaczanej, chleba wiejskiego  czy               nalewek \u017curawinowych.<\/p>\n<p>G\u0142\u00f3wnym               celem, kt\u00f3ry przy\u015bwieca\u0142 inicjatorom powo\u0142ania  stowarzyszenia,               by\u0142o zrzeszenie kwaterodawc\u00f3w w celu wsp\u00f3lnej promocji  swoich               gospodarstw.<\/p>\n<p><strong>Celami               stowarzyszenia s\u0105:<\/strong><\/p>\n<ul>\n<li>podejmowanie                   inicjatyw kulturalnych, ekologicznych, spo\u0142ecznych i                   gospodarczych s\u0142u\u017c\u0105cych rozwojowi obszar\u00f3w wiejskich,                   pomoc i doradztwo swoim cz\u0142onkom w prowadzeniu us\u0142ug                   agroturystycznych,<\/li>\n<li>wspomaganie                   proces\u00f3w restrukturyzacji rolnictwa,<\/li>\n<li>wsp\u00f3\u0142praca                   z innymi organizacjami na rzecz ochrony i zachowania                   naturalnego \u015brodowiska oraz dziedzictwa kulturowego,<\/li>\n<li>szkolenie                   rolnik\u00f3w chc\u0105cych podj\u0105\u0107 si\u0119 dzia\u0142alno\u015bci                   agroturystycznej.<\/li>\n<\/ul>\n<p>Cz\u0142onkowie               stowarzyszenia maja mo\u017cliwo\u015b\u0107 kategoryzowania swoich               gospodarstw, uczestniczy\u0107 we wszystkich przedsi\u0119wzi\u0119ciach               organizowanych przez stowarzyszenie, a tak\u017ce ze szkole\u0144               organizowanych przez Federacj\u0119 Turystyki Wiejskiej               \u201eGospodarstwa Go\u015bcinne\u201d, kt\u00f3rej cz\u0142onkiem jest               Podlaskie Stowarzyszenie.<\/p>\n","protected":false},"excerpt":{"rendered":"<p>Podlaskie Stowarzyszenie Agroturystyczne Podlaskie Stowarzyszenie Agroturystyczne powsta\u0142o w 1996 roku, z inicjatywy rolnik\u00f3w wojew\u00f3dztwa bia\u0142ostockiego zajmuj\u0105cych si\u0119 agroturystyk\u0105. Skupia osoby zajmuj\u0105ce si\u0119 agroturystyk\u0105 z terenu wojew\u00f3dztwa podlaskiego. W zwi\u0105zku z tym cz\u0142onkami naszego stowarzyszenia jest wiele gospodarstw znajduj\u0105cych si\u0119 i w okolicach Bugu, Puszczy Bia\u0142owieskiej, Puszczy Knyszy\u0144skiej, Biebrza\u0144skiego Parku Narodowego, Narwia\u0144skiego Parku Narodowego i w [&hellip;]<\/p>\n","protected":false},"author":1,"featured_media":0,"parent":0,"menu_order":3,"comment_status":"closed","ping_status":"closed","template":"","meta":{"footnotes":""},"class_list":["post-10","page","type-page","status-publish","hentry"],"_links":{"self":[{"href":"https:\/\/psa.org.pl\/index.php\/wp-json\/wp\/v2\/pages\/10","targetHints":{"allow":["GET"]}}],"collection":[{"href":"https:\/\/psa.org.pl\/index.php\/wp-json\/wp\/v2\/pages"}],"about":[{"href":"https:\/\/psa.org.pl\/index.php\/wp-json\/wp\/v2\/types\/page"}],"author":[{"embeddable":true,"href":"https:\/\/psa.org.pl\/index.php\/wp-json\/wp\/v2\/users\/1"}],"replies":[{"embeddable":true,"href":"https:\/\/psa.org.pl\/index.php\/wp-json\/wp\/v2\/comments?post=10"}],"version-history":[{"count":3,"href":"https:\/\/psa.org.pl\/index.php\/wp-json\/wp\/v2\/pages\/10\/revisions"}],"predecessor-version":[{"id":594,"href":"https:\/\/psa.org.pl\/index.php\/wp-json\/wp\/v2\/pages\/10\/revisions\/594"}],"wp:attachment":[{"href":"https:\/\/psa.org.pl\/index.php\/wp-json\/wp\/v2\/media?parent=10"}],"curies":[{"name":"wp","href":"https:\/\/api.w.org\/{rel}","templated":true}]}}